{"id":362,"date":"2025-12-21T17:03:51","date_gmt":"2025-12-21T16:03:51","guid":{"rendered":"https:\/\/advgpcontrol.fr\/?page_id=362"},"modified":"2026-02-16T18:18:23","modified_gmt":"2026-02-16T17:18:23","slug":"accueil-gp","status":"publish","type":"page","link":"https:\/\/advgpcontrol.fr\/","title":{"rendered":"ACCUEIL"},"content":{"rendered":"\n<h1 class=\"wp-block-heading has-text-align-center\"><strong><sup><bdo lang=\"\" dir=\"ltr\">Contr\u00f4le VGP rapide et certifi\u00e9<\/bdo><\/sup><\/strong><\/h1>\n\n\n\n<div class=\"wp-block-group\"><div class=\"wp-block-group__inner-container is-layout-constrained wp-block-group-is-layout-constrained\">\n<p class=\"has-text-align-center\">Intervention rapide pour vos contr\u00f4les p\u00e9riodiques \u00e0 Lille, Lens, B\u00e9thune, Arras et dans toute la r\u00e9gion Hauts-de-France.<\/p>\n\n\n\n<p class=\"has-text-align-center\">V\u00e9rification p\u00e9riodique des chariots \u00e9l\u00e9vateurs, nacelles, engins de TP, engins de levage, accessoires, conforme \u00e0 la r\u00e9glementation VGP.<\/p>\n<\/div><\/div>\n\n\n\n<div class=\"wp-block-buttons alignwide is-content-justification-center is-layout-flex wp-container-core-buttons-is-layout-16018d1d wp-block-buttons-is-layout-flex\">\n<div class=\"wp-block-button\"><a class=\"wp-block-button__link wp-element-button\" href=\"https:\/\/outlook.office.com\/book\/RESERVATIONENLIGNE@advgpcontrol.fr\/?ismsaljsauthenabled\">\n  <!-- Ic\u00f4ne calendrier -->\n  <svg class=\"btn-icon\" width=\"18\" height=\"18\" viewBox=\"0 0 24 24\" fill=\"none\" aria-hidden=\"true\">\n    <rect x=\"3\" y=\"4\" width=\"18\" height=\"18\" rx=\"2\" stroke=\"currentColor\" stroke-width=\"2\"><\/rect>\n    <line x1=\"3\" y1=\"9\" x2=\"21\" y2=\"9\" stroke=\"currentColor\" stroke-width=\"2\"><\/line>\n    <line x1=\"8\" y1=\"2\" x2=\"8\" y2=\"6\" stroke=\"currentColor\" stroke-width=\"2\"><\/line>\n    <line x1=\"16\" y1=\"2\" x2=\"16\" y2=\"6\" stroke=\"currentColor\" stroke-width=\"2\"><\/line>\n    <rect x=\"7\" y=\"12\" width=\"4\" height=\"4\" fill=\"currentColor\"><\/rect>\n    <rect x=\"13\" y=\"12\" width=\"4\" height=\"4\" fill=\"currentColor\"><\/rect>\n  <\/svg>\n  <span>RDV EN LIGNE<\/span>\n<\/a><\/div>\n\n\n\n<div class=\"wp-block-button\"><a class=\"wp-block-button__link has-text-align-center wp-element-button\" href=\"https:\/\/advgpcontrol.fr\/index.php\/ouvrir-un-compte-e-shop\/\">\n  <!-- Ic\u00f4ne panier -->\n  <svg width=\"20\" height=\"20\" viewBox=\"0 0 24 24\" fill=\"none\" xmlns=\"http:\/\/www.w3.org\/2000\/svg\">\n    <path d=\"M6 6h15l-1.5 8.5a2 2 0 0 1-2 1.5H9.3a2 2 0 0 1-1.96-1.6L6 6Z\" stroke=\"currentColor\" stroke-width=\"1.6\" fill=\"none\"><\/path>\n    <path d=\"M6 6 5 3H3\" stroke=\"currentColor\" stroke-width=\"1.6\" fill=\"none\"><\/path>\n    <circle cx=\"9\" cy=\"20\" r=\"1.8\" fill=\"currentColor\"><\/circle>\n    <circle cx=\"18\" cy=\"20\" r=\"1.8\" fill=\"currentColor\"><\/circle>\n  <\/svg>\n  E-SHOP\n<\/a><\/div>\n<\/div>\n\n\n\n<div style=\"height:68px\" aria-hidden=\"true\" class=\"wp-block-spacer\"><\/div>\n\n\n\n<div style=\"text-align:center; margin:40px auto; max-width:800px;\">\n \n \n\n  <!-- Titre -->\n  <h2 style=\"color:#0B2A86; font-size:24px; font-weight:700; margin-top:20px;\">\n    D\u00c9PANNAGE FLEXIBLE HYDRAULIQUE\n  <\/h2>\n\n  <!-- Description -->\n  <p style=\"font-size:16px; color:#333; margin:10px 0;\">\n    Intervention rapide sur site \u2013 remplacement et r\u00e9paration de flexibles hydrauliques toutes marques.\n    <br>\n    \n  <\/p>\n\n  <!-- Bouton -->\n  <a href=\"https:\/\/advgpcontrol.fr\/index.php\/contact\/\" style=\"display:inline-block; background:#0B2A86; color:#fff; padding:12px 24px; border-radius:6px; text-decoration:none; font-weight:600; margin-top:15px;\">\n    DEMANDER UN D\u00c9PANNAGE\n  <\/a>\n<\/div>\n\n\n\n\n","protected":false},"excerpt":{"rendered":"<p>Contr\u00f4le VGP rapide et certifi\u00e9 Intervention rapide pour vos contr\u00f4les p\u00e9riodiques \u00e0 Lille, Lens, B\u00e9thune, Arras et dans toute la r\u00e9gion Hauts-de-France. V\u00e9rification p\u00e9riodique des chariots \u00e9l\u00e9vateurs, nacelles, engins de TP, engins de levage, accessoires, conforme \u00e0 la r\u00e9glementation VGP. D\u00c9PANNAGE FLEXIBLE HYDRAULIQUE Intervention rapide sur site \u2013 remplacement et r\u00e9paration de flexibles hydrauliques toutes &#8230; <a title=\"ACCUEIL\" class=\"read-more\" href=\"https:\/\/advgpcontrol.fr\/\" aria-label=\"En savoir plus sur ACCUEIL\">Lire la suite<\/a><\/p>\n","protected":false},"author":1,"featured_media":0,"parent":0,"menu_order":0,"comment_status":"closed","ping_status":"closed","template":"","meta":{"footnotes":""},"class_list":["post-362","page","type-page","status-publish"],"yoast_head":"<!-- This site is optimized with the Yoast SEO plugin v27.5 - https:\/\/yoast.com\/product\/yoast-seo-wordpress\/ -->\n<title>ACCUEIL -<\/title>\n<meta name=\"robots\" content=\"index, follow, max-snippet:-1, max-image-preview:large, max-video-preview:-1\" \/>\n<link rel=\"canonical\" href=\"https:\/\/advgpcontrol.fr\/\" \/>\n<meta property=\"og:locale\" content=\"fr_FR\" \/>\n<meta property=\"og:type\" content=\"article\" \/>\n<meta property=\"og:title\" content=\"ACCUEIL -\" \/>\n<meta property=\"og:description\" content=\"Contr\u00f4le VGP rapide et certifi\u00e9 Intervention rapide pour vos contr\u00f4les p\u00e9riodiques \u00e0 Lille, Lens, B\u00e9thune, Arras et dans toute la r\u00e9gion Hauts-de-France. V\u00e9rification p\u00e9riodique des chariots \u00e9l\u00e9vateurs, nacelles, engins de TP, engins de levage, accessoires, conforme \u00e0 la r\u00e9glementation VGP. D\u00c9PANNAGE FLEXIBLE HYDRAULIQUE Intervention rapide sur site \u2013 remplacement et r\u00e9paration de flexibles hydrauliques toutes ... Lire la suite\" \/>\n<meta property=\"og:url\" content=\"https:\/\/advgpcontrol.fr\/\" \/>\n<meta property=\"article:publisher\" content=\"https:\/\/www.facebook.com\/profile.php?id=61574537303138\" \/>\n<meta property=\"article:modified_time\" content=\"2026-02-16T17:18:23+00:00\" \/>\n<meta name=\"twitter:card\" content=\"summary_large_image\" \/>\n<meta name=\"twitter:label1\" content=\"Dur\u00e9e de lecture estim\u00e9e\" \/>\n\t<meta name=\"twitter:data1\" content=\"1 minute\" \/>\n<script type=\"application\/ld+json\" class=\"yoast-schema-graph\">{\"@context\":\"https:\\\/\\\/schema.org\",\"@graph\":[{\"@type\":\"WebPage\",\"@id\":\"https:\\\/\\\/advgpcontrol.fr\\\/\",\"url\":\"https:\\\/\\\/advgpcontrol.fr\\\/\",\"name\":\"ACCUEIL -\",\"isPartOf\":{\"@id\":\"https:\\\/\\\/advgpcontrol.fr\\\/#website\"},\"datePublished\":\"2025-12-21T16:03:51+00:00\",\"dateModified\":\"2026-02-16T17:18:23+00:00\",\"breadcrumb\":{\"@id\":\"https:\\\/\\\/advgpcontrol.fr\\\/#breadcrumb\"},\"inLanguage\":\"fr-FR\",\"potentialAction\":[{\"@type\":\"ReadAction\",\"target\":[\"https:\\\/\\\/advgpcontrol.fr\\\/\"]}]},{\"@type\":\"BreadcrumbList\",\"@id\":\"https:\\\/\\\/advgpcontrol.fr\\\/#breadcrumb\",\"itemListElement\":[{\"@type\":\"ListItem\",\"position\":1,\"name\":\"Accueil\",\"item\":\"https:\\\/\\\/advgpcontrol.fr\\\/\"},{\"@type\":\"ListItem\",\"position\":2,\"name\":\"ACCUEIL\"}]},{\"@type\":\"WebSite\",\"@id\":\"https:\\\/\\\/advgpcontrol.fr\\\/#website\",\"url\":\"https:\\\/\\\/advgpcontrol.fr\\\/\",\"name\":\"WordPress\",\"description\":\"\",\"publisher\":{\"@id\":\"https:\\\/\\\/advgpcontrol.fr\\\/#organization\"},\"potentialAction\":[{\"@type\":\"SearchAction\",\"target\":{\"@type\":\"EntryPoint\",\"urlTemplate\":\"https:\\\/\\\/advgpcontrol.fr\\\/?s={search_term_string}\"},\"query-input\":{\"@type\":\"PropertyValueSpecification\",\"valueRequired\":true,\"valueName\":\"search_term_string\"}}],\"inLanguage\":\"fr-FR\"},{\"@type\":\"Organization\",\"@id\":\"https:\\\/\\\/advgpcontrol.fr\\\/#organization\",\"name\":\"WordPress\",\"url\":\"https:\\\/\\\/advgpcontrol.fr\\\/\",\"logo\":{\"@type\":\"ImageObject\",\"inLanguage\":\"fr-FR\",\"@id\":\"https:\\\/\\\/advgpcontrol.fr\\\/#\\\/schema\\\/logo\\\/image\\\/\",\"url\":\"https:\\\/\\\/advgpcontrol.fr\\\/wp-content\\\/uploads\\\/2025\\\/12\\\/1000015975.png\",\"contentUrl\":\"https:\\\/\\\/advgpcontrol.fr\\\/wp-content\\\/uploads\\\/2025\\\/12\\\/1000015975.png\",\"width\":720,\"height\":720,\"caption\":\"WordPress\"},\"image\":{\"@id\":\"https:\\\/\\\/advgpcontrol.fr\\\/#\\\/schema\\\/logo\\\/image\\\/\"},\"sameAs\":[\"https:\\\/\\\/www.facebook.com\\\/profile.php?id=61574537303138\",\"https:\\\/\\\/www.linkedin.com\\\/in\\\/ad-vgp-control-a08a68356\\\/\"]}]}<\/script>\n<!-- \/ Yoast SEO plugin. -->","yoast_head_json":{"title":"ACCUEIL -","robots":{"index":"index","follow":"follow","max-snippet":"max-snippet:-1","max-image-preview":"max-image-preview:large","max-video-preview":"max-video-preview:-1"},"canonical":"https:\/\/advgpcontrol.fr\/","og_locale":"fr_FR","og_type":"article","og_title":"ACCUEIL -","og_description":"Contr\u00f4le VGP rapide et certifi\u00e9 Intervention rapide pour vos contr\u00f4les p\u00e9riodiques \u00e0 Lille, Lens, B\u00e9thune, Arras et dans toute la r\u00e9gion Hauts-de-France. V\u00e9rification p\u00e9riodique des chariots \u00e9l\u00e9vateurs, nacelles, engins de TP, engins de levage, accessoires, conforme \u00e0 la r\u00e9glementation VGP. D\u00c9PANNAGE FLEXIBLE HYDRAULIQUE Intervention rapide sur site \u2013 remplacement et r\u00e9paration de flexibles hydrauliques toutes ... Lire la suite","og_url":"https:\/\/advgpcontrol.fr\/","article_publisher":"https:\/\/www.facebook.com\/profile.php?id=61574537303138","article_modified_time":"2026-02-16T17:18:23+00:00","twitter_card":"summary_large_image","twitter_misc":{"Dur\u00e9e de lecture estim\u00e9e":"1 minute"},"schema":{"@context":"https:\/\/schema.org","@graph":[{"@type":"WebPage","@id":"https:\/\/advgpcontrol.fr\/","url":"https:\/\/advgpcontrol.fr\/","name":"ACCUEIL -","isPartOf":{"@id":"https:\/\/advgpcontrol.fr\/#website"},"datePublished":"2025-12-21T16:03:51+00:00","dateModified":"2026-02-16T17:18:23+00:00","breadcrumb":{"@id":"https:\/\/advgpcontrol.fr\/#breadcrumb"},"inLanguage":"fr-FR","potentialAction":[{"@type":"ReadAction","target":["https:\/\/advgpcontrol.fr\/"]}]},{"@type":"BreadcrumbList","@id":"https:\/\/advgpcontrol.fr\/#breadcrumb","itemListElement":[{"@type":"ListItem","position":1,"name":"Accueil","item":"https:\/\/advgpcontrol.fr\/"},{"@type":"ListItem","position":2,"name":"ACCUEIL"}]},{"@type":"WebSite","@id":"https:\/\/advgpcontrol.fr\/#website","url":"https:\/\/advgpcontrol.fr\/","name":"WordPress","description":"","publisher":{"@id":"https:\/\/advgpcontrol.fr\/#organization"},"potentialAction":[{"@type":"SearchAction","target":{"@type":"EntryPoint","urlTemplate":"https:\/\/advgpcontrol.fr\/?s={search_term_string}"},"query-input":{"@type":"PropertyValueSpecification","valueRequired":true,"valueName":"search_term_string"}}],"inLanguage":"fr-FR"},{"@type":"Organization","@id":"https:\/\/advgpcontrol.fr\/#organization","name":"WordPress","url":"https:\/\/advgpcontrol.fr\/","logo":{"@type":"ImageObject","inLanguage":"fr-FR","@id":"https:\/\/advgpcontrol.fr\/#\/schema\/logo\/image\/","url":"https:\/\/advgpcontrol.fr\/wp-content\/uploads\/2025\/12\/1000015975.png","contentUrl":"https:\/\/advgpcontrol.fr\/wp-content\/uploads\/2025\/12\/1000015975.png","width":720,"height":720,"caption":"WordPress"},"image":{"@id":"https:\/\/advgpcontrol.fr\/#\/schema\/logo\/image\/"},"sameAs":["https:\/\/www.facebook.com\/profile.php?id=61574537303138","https:\/\/www.linkedin.com\/in\/ad-vgp-control-a08a68356\/"]}]}},"_links":{"self":[{"href":"https:\/\/advgpcontrol.fr\/index.php\/wp-json\/wp\/v2\/pages\/362","targetHints":{"allow":["GET"]}}],"collection":[{"href":"https:\/\/advgpcontrol.fr\/index.php\/wp-json\/wp\/v2\/pages"}],"about":[{"href":"https:\/\/advgpcontrol.fr\/index.php\/wp-json\/wp\/v2\/types\/page"}],"author":[{"embeddable":true,"href":"https:\/\/advgpcontrol.fr\/index.php\/wp-json\/wp\/v2\/users\/1"}],"replies":[{"embeddable":true,"href":"https:\/\/advgpcontrol.fr\/index.php\/wp-json\/wp\/v2\/comments?post=362"}],"version-history":[{"count":28,"href":"https:\/\/advgpcontrol.fr\/index.php\/wp-json\/wp\/v2\/pages\/362\/revisions"}],"predecessor-version":[{"id":606,"href":"https:\/\/advgpcontrol.fr\/index.php\/wp-json\/wp\/v2\/pages\/362\/revisions\/606"}],"wp:attachment":[{"href":"https:\/\/advgpcontrol.fr\/index.php\/wp-json\/wp\/v2\/media?parent=362"}],"curies":[{"name":"wp","href":"https:\/\/api.w.org\/{rel}","templated":true}]}}